{"id":13,"date":"2023-10-28T17:35:11","date_gmt":"2023-10-28T15:35:11","guid":{"rendered":"https:\/\/www.aca.familleleconte.fr\/?page_id=13"},"modified":"2023-10-28T18:15:11","modified_gmt":"2023-10-28T16:15:11","slug":"informations-pratiques","status":"publish","type":"page","link":"https:\/\/www.aca.familleleconte.fr\/index.php\/informations-pratiques\/","title":{"rendered":"Informations Pratiques"},"content":{"rendered":"\n<h2 class=\"wp-block-heading\">Lieu du mariage civil<\/h2>\n\n\n\n<figure class=\"wp-block-image size-large\"><img decoding=\"async\" src=\"https:\/\/upload.wikimedia.org\/wikipedia\/commons\/thumb\/5\/5d\/H%C3%B4tel_ville_Paray_Monial_10.jpg\/1200px-H%C3%B4tel_ville_Paray_Monial_10.jpg\" alt=\"\"\/><\/figure>\n\n\n\n\n\n<iframe src=\"https:\/\/www.google.com\/maps\/embed?pb=!1m18!1m12!1m3!1d2748.8290996427313!2d4.115822991848412!3d46.45208319249712!2m3!1f0!2f0!3f0!3m2!1i1024!2i768!4f13.1!3m3!1m2!1s0x47f3c2b2a3ecfa8d%3A0xb7212305afebfca2!2sMairie%20de%20Paray-le-Monial!5e0!3m2!1sfr!2sfr!4v1698509472688!5m2!1sfr!2sfr\" width=\"600\" height=\"450\" style=\"border:0;\" allowfullscreen=\"\" loading=\"lazy\" referrerpolicy=\"no-referrer-when-downgrade\"><\/iframe>\n\n\n\n<h2 class=\"wp-block-heading\">Lieu du mariage religieux<\/h2>\n\n\n\n<p>D\u00e9but de la messe \u00e0 16h.<\/p>\n\n\n\n<figure class=\"wp-block-image size-large\"><img decoding=\"async\" src=\"https:\/\/upload.wikimedia.org\/wikipedia\/commons\/4\/43\/Basilique_Sacr%C3%A9-C%C5%93ur_Paray_Monial_6.jpg\" alt=\"\"\/><\/figure>\n\n\n\n<iframe src=\"https:\/\/www.google.com\/maps\/embed?pb=!1m18!1m12!1m3!1d2748.941605258549!2d4.119227276770282!3d46.449854067136705!2m3!1f0!2f0!3f0!3m2!1i1024!2i768!4f13.1!3m3!1m2!1s0x47f3c2ada82ddbc7%3A0xda7109467f2690e2!2sBasilique%20du%20Sacr%C3%A9-C%C5%93ur!5e0!3m2!1sfr!2sfr!4v1698509429445!5m2!1sfr!2sfr\" width=\"600\" height=\"450\" style=\"border:0;\" allowfullscreen=\"\" loading=\"lazy\" referrerpolicy=\"no-referrer-when-downgrade\"><\/iframe>\n\n\n\n<h2 class=\"wp-block-heading\">Lieu de la r\u00e9ception <\/h2>\n\n\n\n<figure class=\"wp-block-image size-large\"><img decoding=\"async\" src=\"https:\/\/www.delaveau-fleurs.com\/templates\/domainecloseraie\/images\/bandeaucloseraie.jpg\" alt=\"\"\/><\/figure>\n\n\n\n<iframe src=\"https:\/\/www.google.com\/maps\/embed?pb=!1m18!1m12!1m3!1d2747.337464083132!2d4.16676687677162!3d46.48162986498172!2m3!1f0!2f0!3f0!3m2!1i1024!2i768!4f13.1!3m3!1m2!1s0x47f3c3aa5e6671ef%3A0x40fcecdd24cbb260!2sLa%20Closeraie!5e0!3m2!1sfr!2sfr!4v1698509490232!5m2!1sfr!2sfr\" width=\"600\" height=\"450\" style=\"border:0;\" allowfullscreen=\"\" loading=\"lazy\" referrerpolicy=\"no-referrer-when-downgrade\"><\/iframe>\n","protected":false},"excerpt":{"rendered":"<p>Lieu du mariage civil Lieu du mariage religieux D\u00e9but de la messe \u00e0 16h. Lieu de la r\u00e9ception<\/p>\n","protected":false},"author":1,"featured_media":0,"parent":0,"menu_order":0,"comment_status":"closed","ping_status":"closed","template":"","meta":{"footnotes":""},"class_list":["post-13","page","type-page","status-publish","hentry"],"_links":{"self":[{"href":"https:\/\/www.aca.familleleconte.fr\/index.php\/wp-json\/wp\/v2\/pages\/13","targetHints":{"allow":["GET"]}}],"collection":[{"href":"https:\/\/www.aca.familleleconte.fr\/index.php\/wp-json\/wp\/v2\/pages"}],"about":[{"href":"https:\/\/www.aca.familleleconte.fr\/index.php\/wp-json\/wp\/v2\/types\/page"}],"author":[{"embeddable":true,"href":"https:\/\/www.aca.familleleconte.fr\/index.php\/wp-json\/wp\/v2\/users\/1"}],"replies":[{"embeddable":true,"href":"https:\/\/www.aca.familleleconte.fr\/index.php\/wp-json\/wp\/v2\/comments?post=13"}],"version-history":[{"count":3,"href":"https:\/\/www.aca.familleleconte.fr\/index.php\/wp-json\/wp\/v2\/pages\/13\/revisions"}],"predecessor-version":[{"id":45,"href":"https:\/\/www.aca.familleleconte.fr\/index.php\/wp-json\/wp\/v2\/pages\/13\/revisions\/45"}],"wp:attachment":[{"href":"https:\/\/www.aca.familleleconte.fr\/index.php\/wp-json\/wp\/v2\/media?parent=13"}],"curies":[{"name":"wp","href":"https:\/\/api.w.org\/{rel}","templated":true}]}}